{"id":53106,"date":"2025-03-31T23:44:03","date_gmt":"2025-03-31T23:44:03","guid":{"rendered":"https:\/\/www.inovestor.com\/?page_id=53106"},"modified":"2025-04-01T00:23:03","modified_gmt":"2025-04-01T00:23:03","slug":"promotion-institutionnelle","status":"publish","type":"page","link":"https:\/\/www.inovestor.com\/fr-ca\/promotion-institutionnelle\/","title":{"rendered":"Promotion institutionnelle"},"content":{"rendered":"\t\t<div data-elementor-type=\"wp-page\" data-elementor-id=\"53106\" class=\"elementor elementor-53106 elementor-53104\" data-elementor-post-type=\"page\">\n\t\t\t\t\t\t<section class=\"elementor-section elementor-top-section elementor-element elementor-element-98cab1d elementor-section-boxed elementor-section-height-default elementor-section-height-default\" data-id=\"98cab1d\" data-element_type=\"section\" data-e-type=\"section\">\n\t\t\t\t\t\t<div class=\"elementor-container elementor-column-gap-default\">\n\t\t\t\t\t<div class=\"elementor-column elementor-col-100 elementor-top-column elementor-element elementor-element-c27cbae\" data-id=\"c27cbae\" data-element_type=\"column\" data-e-type=\"column\">\n\t\t\t<div class=\"elementor-widget-wrap elementor-element-populated\">\n\t\t\t\t\t\t<div class=\"elementor-element elementor-element-6627987 elementor-widget elementor-widget-html\" data-id=\"6627987\" data-element_type=\"widget\" data-e-type=\"widget\" data-widget_type=\"html.default\">\n\t\t\t\t\t<script type=\"text\/javascript\">\nfunction toggleLoading(show) {\n   document.getElementById(\"IFrameLoader\").style.display = \"none\";\n}\n<\/script>\n\n<div id=\"IFrameLoader\" style=\"text-align: center;\">\n    <i class=\"fa fa-circle-o-notch fa-spin fa-3x\"><\/i>\n<\/div>\n<iframe onload=\"toggleLoading(false);\" src=\"https:\/\/account.inovestor.com\/InoAdvisor\/fr-CA\/purchase?itemid=10&amp;promocode=PROMO25\" style=\"height: 125vh;\" width=\"100%\"><\/iframe>\t\t\t\t<\/div>\n\t\t\t\t\t<\/div>\n\t\t<\/div>\n\t\t\t\t\t<\/div>\n\t\t<\/section>\n\t\t\t\t<\/div>\n\t\t","protected":false},"excerpt":{"rendered":"","protected":false},"author":25,"featured_media":0,"parent":0,"menu_order":0,"comment_status":"closed","ping_status":"closed","template":"","meta":{"_acf_changed":false,"footnotes":""},"class_list":["post-53106","page","type-page","status-publish","hentry"],"acf":[],"yoast_head":"<!-- This site is optimized with the Yoast SEO Premium plugin v24.3 (Yoast SEO v27.1.1) - https:\/\/yoast.com\/product\/yoast-seo-premium-wordpress\/ -->\n<title>Promotion institutionnelle - Inovestor<\/title>\n<meta name=\"description\" content=\"Commencez votre essai gratuit d\u00e8s aujourd\u2019hui et explorez des outils de placement adoss\u00e9s \u00e0 des donn\u00e9es pour am\u00e9liorer vos strat\u00e9gies et prendre des d\u00e9cisions plus \u00e9clair\u00e9es\" \/>\n<meta name=\"robots\" content=\"index, follow, max-snippet:-1, max-image-preview:large, max-video-preview:-1\" \/>\n<link rel=\"canonical\" href=\"https:\/\/www.inovestor.com\/fr-ca\/promotion-institutionnelle\/\" \/>\n<meta property=\"og:locale\" content=\"fr_CA\" \/>\n<meta property=\"og:type\" content=\"article\" \/>\n<meta property=\"og:title\" content=\"Promotion institutionnelle\" \/>\n<meta property=\"og:description\" content=\"Commencez votre essai gratuit d\u00e8s aujourd\u2019hui et explorez des outils de placement adoss\u00e9s \u00e0 des donn\u00e9es pour am\u00e9liorer vos strat\u00e9gies et prendre des d\u00e9cisions plus \u00e9clair\u00e9es\" \/>\n<meta property=\"og:url\" content=\"https:\/\/www.inovestor.com\/fr-ca\/promotion-institutionnelle\/\" \/>\n<meta property=\"og:site_name\" content=\"Inovestor\" \/>\n<meta property=\"article:publisher\" content=\"https:\/\/www.facebook.com\/Inovestor\/\" \/>\n<meta property=\"article:modified_time\" content=\"2025-04-01T00:23:03+00:00\" \/>\n<meta name=\"twitter:card\" content=\"summary_large_image\" \/>\n<meta name=\"twitter:site\" content=\"@Inovestor_\" \/>\n<script type=\"application\/ld+json\" class=\"yoast-schema-graph\">{\"@context\":\"https:\/\/schema.org\",\"@graph\":[{\"@type\":\"WebPage\",\"@id\":\"https:\/\/www.inovestor.com\/fr-ca\/promotion-institutionnelle\/\",\"url\":\"https:\/\/www.inovestor.com\/fr-ca\/promotion-institutionnelle\/\",\"name\":\"Promotion institutionnelle - Inovestor\",\"isPartOf\":{\"@id\":\"https:\/\/www.inovestor.com\/en-ca\/#website\"},\"datePublished\":\"2025-03-31T23:44:03+00:00\",\"dateModified\":\"2025-04-01T00:23:03+00:00\",\"description\":\"Commencez votre essai gratuit d\u00e8s aujourd\u2019hui et explorez des outils de placement adoss\u00e9s \u00e0 des donn\u00e9es pour am\u00e9liorer vos strat\u00e9gies et prendre des d\u00e9cisions plus \u00e9clair\u00e9es\",\"breadcrumb\":{\"@id\":\"https:\/\/www.inovestor.com\/fr-ca\/promotion-institutionnelle\/#breadcrumb\"},\"inLanguage\":\"fr-CA\",\"potentialAction\":[{\"@type\":\"ReadAction\",\"target\":[\"https:\/\/www.inovestor.com\/fr-ca\/promotion-institutionnelle\/\"]}]},{\"@type\":\"BreadcrumbList\",\"@id\":\"https:\/\/www.inovestor.com\/fr-ca\/promotion-institutionnelle\/#breadcrumb\",\"itemListElement\":[{\"@type\":\"ListItem\",\"position\":1,\"name\":\"Home\",\"item\":\"https:\/\/www.inovestor.com\/fr-ca\/\"},{\"@type\":\"ListItem\",\"position\":2,\"name\":\"Promotion institutionnelle\"}]},{\"@type\":\"WebSite\",\"@id\":\"https:\/\/www.inovestor.com\/en-ca\/#website\",\"url\":\"https:\/\/www.inovestor.com\/en-ca\/\",\"name\":\"Inovestor\",\"description\":\"Make investment decisions that matter most\",\"publisher\":{\"@id\":\"https:\/\/www.inovestor.com\/en-ca\/#organization\"},\"potentialAction\":[{\"@type\":\"SearchAction\",\"target\":{\"@type\":\"EntryPoint\",\"urlTemplate\":\"https:\/\/www.inovestor.com\/en-ca\/?s={search_term_string}\"},\"query-input\":{\"@type\":\"PropertyValueSpecification\",\"valueRequired\":true,\"valueName\":\"search_term_string\"}}],\"inLanguage\":\"fr-CA\"},{\"@type\":\"Organization\",\"@id\":\"https:\/\/www.inovestor.com\/en-ca\/#organization\",\"name\":\"Inovestor\",\"url\":\"https:\/\/www.inovestor.com\/en-ca\/\",\"logo\":{\"@type\":\"ImageObject\",\"inLanguage\":\"fr-CA\",\"@id\":\"https:\/\/www.inovestor.com\/en-ca\/#\/schema\/logo\/image\/\",\"url\":\"https:\/\/www.inovestor.com\/wp-content\/uploads\/2022\/04\/Inovestor-logo-high-res.png\",\"contentUrl\":\"https:\/\/www.inovestor.com\/wp-content\/uploads\/2022\/04\/Inovestor-logo-high-res.png\",\"width\":1581,\"height\":422,\"caption\":\"Inovestor\"},\"image\":{\"@id\":\"https:\/\/www.inovestor.com\/en-ca\/#\/schema\/logo\/image\/\"},\"sameAs\":[\"https:\/\/www.facebook.com\/Inovestor\/\",\"https:\/\/x.com\/Inovestor_\",\"https:\/\/www.linkedin.com\/company\/inovestor\"]}]}<\/script>\n<!-- \/ Yoast SEO Premium plugin. -->","yoast_head_json":{"title":"Promotion institutionnelle - Inovestor","description":"Commencez votre essai gratuit d\u00e8s aujourd\u2019hui et explorez des outils de placement adoss\u00e9s \u00e0 des donn\u00e9es pour am\u00e9liorer vos strat\u00e9gies et prendre des d\u00e9cisions plus \u00e9clair\u00e9es","robots":{"index":"index","follow":"follow","max-snippet":"max-snippet:-1","max-image-preview":"max-image-preview:large","max-video-preview":"max-video-preview:-1"},"canonical":"https:\/\/www.inovestor.com\/fr-ca\/promotion-institutionnelle\/","og_locale":"fr_CA","og_type":"article","og_title":"Promotion institutionnelle","og_description":"Commencez votre essai gratuit d\u00e8s aujourd\u2019hui et explorez des outils de placement adoss\u00e9s \u00e0 des donn\u00e9es pour am\u00e9liorer vos strat\u00e9gies et prendre des d\u00e9cisions plus \u00e9clair\u00e9es","og_url":"https:\/\/www.inovestor.com\/fr-ca\/promotion-institutionnelle\/","og_site_name":"Inovestor","article_publisher":"https:\/\/www.facebook.com\/Inovestor\/","article_modified_time":"2025-04-01T00:23:03+00:00","twitter_card":"summary_large_image","twitter_site":"@Inovestor_","schema":{"@context":"https:\/\/schema.org","@graph":[{"@type":"WebPage","@id":"https:\/\/www.inovestor.com\/fr-ca\/promotion-institutionnelle\/","url":"https:\/\/www.inovestor.com\/fr-ca\/promotion-institutionnelle\/","name":"Promotion institutionnelle - Inovestor","isPartOf":{"@id":"https:\/\/www.inovestor.com\/en-ca\/#website"},"datePublished":"2025-03-31T23:44:03+00:00","dateModified":"2025-04-01T00:23:03+00:00","description":"Commencez votre essai gratuit d\u00e8s aujourd\u2019hui et explorez des outils de placement adoss\u00e9s \u00e0 des donn\u00e9es pour am\u00e9liorer vos strat\u00e9gies et prendre des d\u00e9cisions plus \u00e9clair\u00e9es","breadcrumb":{"@id":"https:\/\/www.inovestor.com\/fr-ca\/promotion-institutionnelle\/#breadcrumb"},"inLanguage":"fr-CA","potentialAction":[{"@type":"ReadAction","target":["https:\/\/www.inovestor.com\/fr-ca\/promotion-institutionnelle\/"]}]},{"@type":"BreadcrumbList","@id":"https:\/\/www.inovestor.com\/fr-ca\/promotion-institutionnelle\/#breadcrumb","itemListElement":[{"@type":"ListItem","position":1,"name":"Home","item":"https:\/\/www.inovestor.com\/fr-ca\/"},{"@type":"ListItem","position":2,"name":"Promotion institutionnelle"}]},{"@type":"WebSite","@id":"https:\/\/www.inovestor.com\/en-ca\/#website","url":"https:\/\/www.inovestor.com\/en-ca\/","name":"Inovestor","description":"Make investment decisions that matter most","publisher":{"@id":"https:\/\/www.inovestor.com\/en-ca\/#organization"},"potentialAction":[{"@type":"SearchAction","target":{"@type":"EntryPoint","urlTemplate":"https:\/\/www.inovestor.com\/en-ca\/?s={search_term_string}"},"query-input":{"@type":"PropertyValueSpecification","valueRequired":true,"valueName":"search_term_string"}}],"inLanguage":"fr-CA"},{"@type":"Organization","@id":"https:\/\/www.inovestor.com\/en-ca\/#organization","name":"Inovestor","url":"https:\/\/www.inovestor.com\/en-ca\/","logo":{"@type":"ImageObject","inLanguage":"fr-CA","@id":"https:\/\/www.inovestor.com\/en-ca\/#\/schema\/logo\/image\/","url":"https:\/\/www.inovestor.com\/wp-content\/uploads\/2022\/04\/Inovestor-logo-high-res.png","contentUrl":"https:\/\/www.inovestor.com\/wp-content\/uploads\/2022\/04\/Inovestor-logo-high-res.png","width":1581,"height":422,"caption":"Inovestor"},"image":{"@id":"https:\/\/www.inovestor.com\/en-ca\/#\/schema\/logo\/image\/"},"sameAs":["https:\/\/www.facebook.com\/Inovestor\/","https:\/\/x.com\/Inovestor_","https:\/\/www.linkedin.com\/company\/inovestor"]}]}},"_links":{"self":[{"href":"https:\/\/www.inovestor.com\/fr-ca\/wp-json\/wp\/v2\/pages\/53106","targetHints":{"allow":["GET"]}}],"collection":[{"href":"https:\/\/www.inovestor.com\/fr-ca\/wp-json\/wp\/v2\/pages"}],"about":[{"href":"https:\/\/www.inovestor.com\/fr-ca\/wp-json\/wp\/v2\/types\/page"}],"author":[{"embeddable":true,"href":"https:\/\/www.inovestor.com\/fr-ca\/wp-json\/wp\/v2\/users\/25"}],"replies":[{"embeddable":true,"href":"https:\/\/www.inovestor.com\/fr-ca\/wp-json\/wp\/v2\/comments?post=53106"}],"version-history":[{"count":4,"href":"https:\/\/www.inovestor.com\/fr-ca\/wp-json\/wp\/v2\/pages\/53106\/revisions"}],"predecessor-version":[{"id":53119,"href":"https:\/\/www.inovestor.com\/fr-ca\/wp-json\/wp\/v2\/pages\/53106\/revisions\/53119"}],"wp:attachment":[{"href":"https:\/\/www.inovestor.com\/fr-ca\/wp-json\/wp\/v2\/media?parent=53106"}],"curies":[{"name":"wp","href":"https:\/\/api.w.org\/{rel}","templated":true}]}}