{"id":44214,"date":"2022-06-08T17:33:35","date_gmt":"2022-06-08T17:33:35","guid":{"rendered":"https:\/\/wp2.inovestor.com\/reserver-une-demo\/"},"modified":"2023-04-24T14:05:26","modified_gmt":"2023-04-24T14:05:26","slug":"reserver-une-demo","status":"publish","type":"page","link":"https:\/\/www.inovestor.com\/fr-ca\/reserver-une-demo\/","title":{"rendered":"Demandez une d\u00e9monstration"},"content":{"rendered":"\t\t<div data-elementor-type=\"wp-page\" data-elementor-id=\"44214\" class=\"elementor elementor-44214 elementor-37740\" data-elementor-post-type=\"page\">\n\t\t\t\t\t\t<section class=\"elementor-section elementor-top-section elementor-element elementor-element-3ad182f0 elementor-section-boxed elementor-section-height-default elementor-section-height-default\" data-id=\"3ad182f0\" data-element_type=\"section\" data-e-type=\"section\">\n\t\t\t\t\t\t<div class=\"elementor-container elementor-column-gap-default\">\n\t\t\t\t\t<div class=\"elementor-column elementor-col-100 elementor-top-column elementor-element elementor-element-781fcafa\" data-id=\"781fcafa\" data-element_type=\"column\" data-e-type=\"column\">\n\t\t\t<div class=\"elementor-widget-wrap elementor-element-populated\">\n\t\t\t\t\t\t<div class=\"elementor-element elementor-element-9244149 elementor-widget elementor-widget-heading\" data-id=\"9244149\" data-element_type=\"widget\" data-e-type=\"widget\" data-widget_type=\"heading.default\">\n\t\t\t\t\t<h2 class=\"elementor-heading-title elementor-size-default\">R\u00e9servez une d\u00e9monstration<\/h2>\t\t\t\t<\/div>\n\t\t\t\t<div class=\"elementor-element elementor-element-0628510 elementor-hidden-desktop elementor-hidden-tablet elementor-hidden-mobile elementor-widget elementor-widget-shortcode\" data-id=\"0628510\" data-element_type=\"widget\" data-e-type=\"widget\" data-widget_type=\"shortcode.default\">\n\t\t\t\t\t\t\t<div class=\"elementor-shortcode\"><script type=\"text\/javascript\">var gform;gform||(document.addEventListener(\"gform_main_scripts_loaded\",function(){gform.scriptsLoaded=!0}),window.addEventListener(\"DOMContentLoaded\",function(){gform.domLoaded=!0}),gform={domLoaded:!1,scriptsLoaded:!1,initializeOnLoaded:function(o){gform.domLoaded&&gform.scriptsLoaded?o():!gform.domLoaded&&gform.scriptsLoaded?window.addEventListener(\"DOMContentLoaded\",o):document.addEventListener(\"gform_main_scripts_loaded\",o)},hooks:{action:{},filter:{}},addAction:function(o,n,r,t){gform.addHook(\"action\",o,n,r,t)},addFilter:function(o,n,r,t){gform.addHook(\"filter\",o,n,r,t)},doAction:function(o){gform.doHook(\"action\",o,arguments)},applyFilters:function(o){return gform.doHook(\"filter\",o,arguments)},removeAction:function(o,n){gform.removeHook(\"action\",o,n)},removeFilter:function(o,n,r){gform.removeHook(\"filter\",o,n,r)},addHook:function(o,n,r,t,i){null==gform.hooks[o][n]&&(gform.hooks[o][n]=[]);var e=gform.hooks[o][n];null==i&&(i=n+\"_\"+e.length),gform.hooks[o][n].push({tag:i,callable:r,priority:t=null==t?10:t})},doHook:function(n,o,r){var t;if(r=Array.prototype.slice.call(r,1),null!=gform.hooks[n][o]&&((o=gform.hooks[n][o]).sort(function(o,n){return o.priority-n.priority}),o.forEach(function(o){\"function\"!=typeof(t=o.callable)&&(t=window[t]),\"action\"==n?t.apply(null,r):r[0]=t.apply(null,r)})),\"filter\"==n)return r[0]},removeHook:function(o,n,t,i){var r;null!=gform.hooks[o][n]&&(r=(r=gform.hooks[o][n]).filter(function(o,n,r){return!!(null!=i&&i!=o.tag||null!=t&&t!=o.priority)}),gform.hooks[o][n]=r)}});<\/script>\n                <div class='gf_browser_gecko gform_wrapper gravity-theme gform-theme--no-framework' data-form-theme='gravity-theme' data-form-index='0' id='gform_wrapper_1' style='display:none'><div id='gf_1' class='gform_anchor' tabindex='-1'><\/div><form method='post' enctype='multipart\/form-data' target='gform_ajax_frame_1' id='gform_1'  action='\/fr-ca\/wp-json\/wp\/v2\/pages\/44214#gf_1' data-formid='1' novalidate>\n                        <div class='gform-body gform_body'><div id='gform_fields_1' class='gform_fields top_label form_sublabel_below description_below'><div id=\"field_1_3\"  class=\"gfield gfield--type-select gfield--width-full select-field field_sublabel_below gfield--no-description field_description_below gfield_visibility_visible\"  data-js-reload=\"field_1_3\"><label class='gfield_label gform-field-label' for='input_1_3' >Select Your Region<\/label><div class='ginput_container ginput_container_select'><select name='input_3' id='input_1_3' class='large gfield_select'     aria-invalid=\"false\" ><option value='Select One' >Select One<\/option><option value='Alberta' >Alberta<\/option><option value='British Columbia' >British Columbia<\/option><option value='Manitoba' >Manitoba<\/option><option value='New Brunswick' >New Brunswick<\/option><option value='Newfoundland and Labrador' >Newfoundland and Labrador<\/option><option value='Northwest Territories' >Northwest Territories<\/option><option value='Nova Scotia' >Nova Scotia<\/option><option value='Nunavut' >Nunavut<\/option><option value='Ontario' >Ontario<\/option><option value='Prince Edward Island' >Prince Edward Island<\/option><option value='Quebec' >Quebec<\/option><option value='Saskatchewan' >Saskatchewan<\/option><option value='Yukon' >Yukon<\/option><option value='Outside of Canada' >Outside of Canada<\/option><\/select><\/div><\/div><div id=\"field_1_5\"  class=\"gfield gfield--type-html gfield--width-full gfield_html gfield_html_formatted gfield_no_follows_desc field_sublabel_below gfield--no-description field_description_below gfield_visibility_visible\"  data-js-reload=\"field_1_5\"><!-- Calendly inline widget begin -->\n<div class=\"calendly-inline-widget\" data-url=https:\/\/calendly.com\/marcandrewall\/30min style=\"min-width:320px;height:630px;\"><\/div>\n<script type=\"text\/javascript\" src=https:\/\/assets.calendly.com\/assets\/external\/widget.js async><\/script>\n<!-- Calendly inline widget end --><\/div><div id=\"field_1_6\"  class=\"gfield gfield--type-html gfield--width-full gfield_html gfield_html_formatted gfield_no_follows_desc field_sublabel_below gfield--no-description field_description_below gfield_visibility_visible\"  data-js-reload=\"field_1_6\"><!-- Calendly inline widget begin -->\n<div class=\"calendly-inline-widget\" data-url=\"https:\/\/calendly.com\/jjagodnik\/inovestor-webinar\" style=\"min-width:320px;height:630px;\"><\/div>\n<script type=\"text\/javascript\" src=\"https:\/\/assets.calendly.com\/assets\/external\/widget.js\" async><\/script>\n<!-- Calendly inline widget end -->\n<\/div><div id=\"field_1_7\"  class=\"gfield gfield--type-html gfield--width-full gfield_html gfield_html_formatted gfield_no_follows_desc field_sublabel_below gfield--no-description field_description_below gfield_visibility_visible\"  data-js-reload=\"field_1_7\"><!-- Calendly inline widget begin -->\n<div class=\"calendly-inline-widget\" data-url=https:\/\/calendly.com\/rkahale\/30min style=\"min-width:320px;height:630px;\"><\/div>\n<script type=\"text\/javascript\" src=https:\/\/assets.calendly.com\/assets\/external\/widget.js async><\/script>\n<!-- Calendly inline widget end --><\/div><\/div><\/div>\n        <div class='gform_footer top_label'> <input type='submit' id='gform_submit_button_1' class='gform_button button' value='Submit'  onclick='if(window[\"gf_submitting_1\"]){return false;}  if( !jQuery(\"#gform_1\")[0].checkValidity || jQuery(\"#gform_1\")[0].checkValidity()){window[\"gf_submitting_1\"]=true;}  ' onkeypress='if( event.keyCode == 13 ){ if(window[\"gf_submitting_1\"]){return false;} if( !jQuery(\"#gform_1\")[0].checkValidity || jQuery(\"#gform_1\")[0].checkValidity()){window[\"gf_submitting_1\"]=true;}  jQuery(\"#gform_1\").trigger(\"submit\",[true]); }' \/> <input type='hidden' name='gform_ajax' value='form_id=1&amp;title=&amp;description=&amp;tabindex=0' \/>\n            <input type='hidden' class='gform_hidden' name='is_submit_1' value='1' \/>\n            <input type='hidden' class='gform_hidden' name='gform_submit' value='1' \/>\n            \n            <input type='hidden' class='gform_hidden' name='gform_unique_id' value='' \/>\n            <input type='hidden' class='gform_hidden' name='state_1' value='WyJbXSIsIjZmY2E5MzM1YzFkYzJmZWQ4NDcyYzJlOTA3OTdiNWViIl0=' \/>\n            <input type='hidden' class='gform_hidden' name='gform_target_page_number_1' id='gform_target_page_number_1' value='0' \/>\n            <input type='hidden' class='gform_hidden' name='gform_source_page_number_1' id='gform_source_page_number_1' value='1' \/>\n            <input type='hidden' name='gform_field_values' value='' \/>\n            \n        <\/div>\n                        <p style=\"display: none !important;\" class=\"akismet-fields-container\" data-prefix=\"ak_\"><label>&#916;<textarea name=\"ak_hp_textarea\" cols=\"45\" rows=\"8\" maxlength=\"100\"><\/textarea><\/label><input type=\"hidden\" id=\"ak_js_1\" name=\"ak_js\" value=\"245\"\/><script>document.getElementById( \"ak_js_1\" ).setAttribute( \"value\", ( new Date() ).getTime() );<\/script><\/p><\/form>\n                        <\/div>\n\t\t                <iframe style='display:none;width:0px;height:0px;' src='about:blank' name='gform_ajax_frame_1' id='gform_ajax_frame_1' title='Cette iframe contient la logique n\u00e9cessaire pour manipuler Gravity Forms avec AJAX'><\/iframe>\n\t\t                <script>\ngform.initializeOnLoaded( function() {gformInitSpinner( 1, 'https:\/\/www.inovestor.com\/wp-content\/plugins\/gravityforms\/images\/spinner.svg', true );jQuery('#gform_ajax_frame_1').on('load',function(){var contents = jQuery(this).contents().find('*').html();var is_postback = contents.indexOf('GF_AJAX_POSTBACK') >= 0;if(!is_postback){return;}var form_content = jQuery(this).contents().find('#gform_wrapper_1');var is_confirmation = jQuery(this).contents().find('#gform_confirmation_wrapper_1').length > 0;var is_redirect = contents.indexOf('gformRedirect(){') >= 0;var is_form = form_content.length > 0 && ! is_redirect && ! is_confirmation;var mt = parseInt(jQuery('html').css('margin-top'), 10) + parseInt(jQuery('body').css('margin-top'), 10) + 100;if(is_form){jQuery('#gform_wrapper_1').html(form_content.html());if(form_content.hasClass('gform_validation_error')){jQuery('#gform_wrapper_1').addClass('gform_validation_error');} else {jQuery('#gform_wrapper_1').removeClass('gform_validation_error');}setTimeout( function() { \/* delay the scroll by 50 milliseconds to fix a bug in chrome *\/ jQuery(document).scrollTop(jQuery('#gform_wrapper_1').offset().top - mt); }, 50 );if(window['gformInitDatepicker']) {gformInitDatepicker();}if(window['gformInitPriceFields']) {gformInitPriceFields();}var current_page = jQuery('#gform_source_page_number_1').val();gformInitSpinner( 1, 'https:\/\/www.inovestor.com\/wp-content\/plugins\/gravityforms\/images\/spinner.svg', true );jQuery(document).trigger('gform_page_loaded', [1, current_page]);window['gf_submitting_1'] = false;}else if(!is_redirect){var confirmation_content = jQuery(this).contents().find('.GF_AJAX_POSTBACK').html();if(!confirmation_content){confirmation_content = contents;}setTimeout(function(){jQuery('#gform_wrapper_1').replaceWith(confirmation_content);jQuery(document).scrollTop(jQuery('#gf_1').offset().top - mt);jQuery(document).trigger('gform_confirmation_loaded', [1]);window['gf_submitting_1'] = false;wp.a11y.speak(jQuery('#gform_confirmation_message_1').text());}, 50);}else{jQuery('#gform_1').append(contents);if(window['gformRedirect']) {gformRedirect();}}jQuery(document).trigger('gform_post_render', [1, current_page]);} );} );\n<\/script>\n\n<\/div>\n\t\t\t\t\t\t<\/div>\n\t\t\t\t<div class=\"elementor-element elementor-element-64b8383 elementor-widget elementor-widget-html\" data-id=\"64b8383\" data-element_type=\"widget\" data-e-type=\"widget\" data-widget_type=\"html.default\">\n\t\t\t\t\t<iframe src=\"https:\/\/outlook.office365.com\/owa\/calendar\/Inovestor2@inovestor.onmicrosoft.com\/bookings\/\" width=\"100%\" height=\"2200px\" scrolling=\"yes\" style=\"border:0\"><\/iframe>\t\t\t\t<\/div>\n\t\t\t\t\t<\/div>\n\t\t<\/div>\n\t\t\t\t\t<\/div>\n\t\t<\/section>\n\t\t\t\t<\/div>\n\t\t","protected":false},"excerpt":{"rendered":"<p>R\u00e9servez une d\u00e9monstration<\/p>\n","protected":false},"author":1,"featured_media":0,"parent":0,"menu_order":0,"comment_status":"closed","ping_status":"closed","template":"","meta":{"_acf_changed":false,"footnotes":""},"class_list":["post-44214","page","type-page","status-publish","hentry"],"acf":[],"yoast_head":"<!-- This site is optimized with the Yoast SEO Premium plugin v24.3 (Yoast SEO v27.1.1) - https:\/\/yoast.com\/product\/yoast-seo-premium-wordpress\/ -->\n<title>Demandez une d\u00e9monstration - Inovestor<\/title>\n<meta name=\"description\" content=\"R\u00e9servez une d\u00e9mo avec l&#039;un de nos experts d\u00e8s aujourd&#039;hui.\" \/>\n<meta name=\"robots\" content=\"index, follow, max-snippet:-1, max-image-preview:large, max-video-preview:-1\" \/>\n<link rel=\"canonical\" href=\"https:\/\/www.inovestor.com\/fr-ca\/reserver-une-demo\/\" \/>\n<meta property=\"og:locale\" content=\"fr_CA\" \/>\n<meta property=\"og:type\" content=\"article\" \/>\n<meta property=\"og:title\" content=\"Demandez une d\u00e9monstration\" \/>\n<meta property=\"og:description\" content=\"R\u00e9servez une d\u00e9mo avec l&#039;un de nos experts d\u00e8s aujourd&#039;hui.\" \/>\n<meta property=\"og:url\" content=\"https:\/\/www.inovestor.com\/fr-ca\/reserver-une-demo\/\" \/>\n<meta property=\"og:site_name\" content=\"Inovestor\" \/>\n<meta property=\"article:publisher\" content=\"https:\/\/www.facebook.com\/Inovestor\/\" \/>\n<meta property=\"article:modified_time\" content=\"2023-04-24T14:05:26+00:00\" \/>\n<meta name=\"twitter:card\" content=\"summary_large_image\" \/>\n<meta name=\"twitter:site\" content=\"@Inovestor_\" \/>\n<script type=\"application\/ld+json\" class=\"yoast-schema-graph\">{\"@context\":\"https:\/\/schema.org\",\"@graph\":[{\"@type\":\"WebPage\",\"@id\":\"https:\/\/www.inovestor.com\/fr-ca\/reserver-une-demo\/\",\"url\":\"https:\/\/www.inovestor.com\/fr-ca\/reserver-une-demo\/\",\"name\":\"Demandez une d\u00e9monstration - Inovestor\",\"isPartOf\":{\"@id\":\"https:\/\/www.inovestor.com\/en-ca\/#website\"},\"datePublished\":\"2022-06-08T17:33:35+00:00\",\"dateModified\":\"2023-04-24T14:05:26+00:00\",\"description\":\"R\u00e9servez une d\u00e9mo avec l'un de nos experts d\u00e8s aujourd'hui.\",\"breadcrumb\":{\"@id\":\"https:\/\/www.inovestor.com\/fr-ca\/reserver-une-demo\/#breadcrumb\"},\"inLanguage\":\"fr-CA\",\"potentialAction\":[{\"@type\":\"ReadAction\",\"target\":[\"https:\/\/www.inovestor.com\/fr-ca\/reserver-une-demo\/\"]}]},{\"@type\":\"BreadcrumbList\",\"@id\":\"https:\/\/www.inovestor.com\/fr-ca\/reserver-une-demo\/#breadcrumb\",\"itemListElement\":[{\"@type\":\"ListItem\",\"position\":1,\"name\":\"Home\",\"item\":\"https:\/\/www.inovestor.com\/fr-ca\/\"},{\"@type\":\"ListItem\",\"position\":2,\"name\":\"Demandez une d\u00e9monstration\"}]},{\"@type\":\"WebSite\",\"@id\":\"https:\/\/www.inovestor.com\/en-ca\/#website\",\"url\":\"https:\/\/www.inovestor.com\/en-ca\/\",\"name\":\"Inovestor\",\"description\":\"Make investment decisions that matter most\",\"publisher\":{\"@id\":\"https:\/\/www.inovestor.com\/en-ca\/#organization\"},\"potentialAction\":[{\"@type\":\"SearchAction\",\"target\":{\"@type\":\"EntryPoint\",\"urlTemplate\":\"https:\/\/www.inovestor.com\/en-ca\/?s={search_term_string}\"},\"query-input\":{\"@type\":\"PropertyValueSpecification\",\"valueRequired\":true,\"valueName\":\"search_term_string\"}}],\"inLanguage\":\"fr-CA\"},{\"@type\":\"Organization\",\"@id\":\"https:\/\/www.inovestor.com\/en-ca\/#organization\",\"name\":\"Inovestor\",\"url\":\"https:\/\/www.inovestor.com\/en-ca\/\",\"logo\":{\"@type\":\"ImageObject\",\"inLanguage\":\"fr-CA\",\"@id\":\"https:\/\/www.inovestor.com\/en-ca\/#\/schema\/logo\/image\/\",\"url\":\"https:\/\/www.inovestor.com\/wp-content\/uploads\/2022\/04\/Inovestor-logo-high-res.png\",\"contentUrl\":\"https:\/\/www.inovestor.com\/wp-content\/uploads\/2022\/04\/Inovestor-logo-high-res.png\",\"width\":1581,\"height\":422,\"caption\":\"Inovestor\"},\"image\":{\"@id\":\"https:\/\/www.inovestor.com\/en-ca\/#\/schema\/logo\/image\/\"},\"sameAs\":[\"https:\/\/www.facebook.com\/Inovestor\/\",\"https:\/\/x.com\/Inovestor_\",\"https:\/\/www.linkedin.com\/company\/inovestor\"]}]}<\/script>\n<!-- \/ Yoast SEO Premium plugin. -->","yoast_head_json":{"title":"Demandez une d\u00e9monstration - Inovestor","description":"R\u00e9servez une d\u00e9mo avec l'un de nos experts d\u00e8s aujourd'hui.","robots":{"index":"index","follow":"follow","max-snippet":"max-snippet:-1","max-image-preview":"max-image-preview:large","max-video-preview":"max-video-preview:-1"},"canonical":"https:\/\/www.inovestor.com\/fr-ca\/reserver-une-demo\/","og_locale":"fr_CA","og_type":"article","og_title":"Demandez une d\u00e9monstration","og_description":"R\u00e9servez une d\u00e9mo avec l'un de nos experts d\u00e8s aujourd'hui.","og_url":"https:\/\/www.inovestor.com\/fr-ca\/reserver-une-demo\/","og_site_name":"Inovestor","article_publisher":"https:\/\/www.facebook.com\/Inovestor\/","article_modified_time":"2023-04-24T14:05:26+00:00","twitter_card":"summary_large_image","twitter_site":"@Inovestor_","schema":{"@context":"https:\/\/schema.org","@graph":[{"@type":"WebPage","@id":"https:\/\/www.inovestor.com\/fr-ca\/reserver-une-demo\/","url":"https:\/\/www.inovestor.com\/fr-ca\/reserver-une-demo\/","name":"Demandez une d\u00e9monstration - Inovestor","isPartOf":{"@id":"https:\/\/www.inovestor.com\/en-ca\/#website"},"datePublished":"2022-06-08T17:33:35+00:00","dateModified":"2023-04-24T14:05:26+00:00","description":"R\u00e9servez une d\u00e9mo avec l'un de nos experts d\u00e8s aujourd'hui.","breadcrumb":{"@id":"https:\/\/www.inovestor.com\/fr-ca\/reserver-une-demo\/#breadcrumb"},"inLanguage":"fr-CA","potentialAction":[{"@type":"ReadAction","target":["https:\/\/www.inovestor.com\/fr-ca\/reserver-une-demo\/"]}]},{"@type":"BreadcrumbList","@id":"https:\/\/www.inovestor.com\/fr-ca\/reserver-une-demo\/#breadcrumb","itemListElement":[{"@type":"ListItem","position":1,"name":"Home","item":"https:\/\/www.inovestor.com\/fr-ca\/"},{"@type":"ListItem","position":2,"name":"Demandez une d\u00e9monstration"}]},{"@type":"WebSite","@id":"https:\/\/www.inovestor.com\/en-ca\/#website","url":"https:\/\/www.inovestor.com\/en-ca\/","name":"Inovestor","description":"Make investment decisions that matter most","publisher":{"@id":"https:\/\/www.inovestor.com\/en-ca\/#organization"},"potentialAction":[{"@type":"SearchAction","target":{"@type":"EntryPoint","urlTemplate":"https:\/\/www.inovestor.com\/en-ca\/?s={search_term_string}"},"query-input":{"@type":"PropertyValueSpecification","valueRequired":true,"valueName":"search_term_string"}}],"inLanguage":"fr-CA"},{"@type":"Organization","@id":"https:\/\/www.inovestor.com\/en-ca\/#organization","name":"Inovestor","url":"https:\/\/www.inovestor.com\/en-ca\/","logo":{"@type":"ImageObject","inLanguage":"fr-CA","@id":"https:\/\/www.inovestor.com\/en-ca\/#\/schema\/logo\/image\/","url":"https:\/\/www.inovestor.com\/wp-content\/uploads\/2022\/04\/Inovestor-logo-high-res.png","contentUrl":"https:\/\/www.inovestor.com\/wp-content\/uploads\/2022\/04\/Inovestor-logo-high-res.png","width":1581,"height":422,"caption":"Inovestor"},"image":{"@id":"https:\/\/www.inovestor.com\/en-ca\/#\/schema\/logo\/image\/"},"sameAs":["https:\/\/www.facebook.com\/Inovestor\/","https:\/\/x.com\/Inovestor_","https:\/\/www.linkedin.com\/company\/inovestor"]}]}},"_links":{"self":[{"href":"https:\/\/www.inovestor.com\/fr-ca\/wp-json\/wp\/v2\/pages\/44214","targetHints":{"allow":["GET"]}}],"collection":[{"href":"https:\/\/www.inovestor.com\/fr-ca\/wp-json\/wp\/v2\/pages"}],"about":[{"href":"https:\/\/www.inovestor.com\/fr-ca\/wp-json\/wp\/v2\/types\/page"}],"author":[{"embeddable":true,"href":"https:\/\/www.inovestor.com\/fr-ca\/wp-json\/wp\/v2\/users\/1"}],"replies":[{"embeddable":true,"href":"https:\/\/www.inovestor.com\/fr-ca\/wp-json\/wp\/v2\/comments?post=44214"}],"version-history":[{"count":4,"href":"https:\/\/www.inovestor.com\/fr-ca\/wp-json\/wp\/v2\/pages\/44214\/revisions"}],"predecessor-version":[{"id":48230,"href":"https:\/\/www.inovestor.com\/fr-ca\/wp-json\/wp\/v2\/pages\/44214\/revisions\/48230"}],"wp:attachment":[{"href":"https:\/\/www.inovestor.com\/fr-ca\/wp-json\/wp\/v2\/media?parent=44214"}],"curies":[{"name":"wp","href":"https:\/\/api.w.org\/{rel}","templated":true}]}}